{"id":42,"date":"2017-12-25T21:14:39","date_gmt":"2017-12-25T19:14:39","guid":{"rendered":"http:\/\/www.szentandrasiskola.ro\/?page_id=42"},"modified":"2025-02-17T23:09:10","modified_gmt":"2025-02-17T21:09:10","slug":"bemutatkozas","status":"publish","type":"page","link":"https:\/\/www.szentandrasiskola.ro\/","title":{"rendered":"Bemutatkoz\u00e1s"},"content":{"rendered":"<blockquote><p><span style=\"color: #ff0000;\">Aktu\u00e1lis kurzusaink\u00e9rt l\u00e1sd a <a style=\"color: #ff0000;\" href=\"\/index.php\/naptar\/\">napt\u00e1runkat<\/a>.<\/span><\/p>\n<div data-offset-key=\"8g1vq-0-0\"><span style=\"color: #333333; font-size: 1rem;\">A Szent Andr\u00e1s Evangeliz\u00e1ci\u00f3s Iskol\u00e1t Isten hi\u00e1nyp\u00f3tol\u00e1sul hozta l\u00e9tre.<\/span><\/div>\n<\/blockquote>\n<p>Az Egyh\u00e1z, Krisztus k\u00fcldet\u00e9s\u00e9t folytatva, a harmadik \u00e9vezred elej\u00e9n is arra h\u00edvatott Eur\u00f3p\u00e1ban, hogy hirdesse az evang\u00e9liumot, csakhogy\u2026 nincs r\u00e1 el\u00e9g \u00e9s megfelel\u0151 embere.<\/p>\n<p>Van sok papja, teol\u00f3gusa, katek\u00e9t\u00e1ja, hittan\u00e1ra, de alig van evangeliz\u00e1tora.<\/p>\n<p><strong>Ez\u00e9rt hozta l\u00e9tre Isten ezt az iskol\u00e1t: hogy k\u00e9r\u00fcgmatikus evangeliz\u00e1torokat k\u00e9pezzen az Katolikus Egyh\u00e1z \u00faj evangeliz\u00e1ci\u00f3ja sz\u00e1m\u00e1ra.<\/strong><\/p>\n<!-- Generated using Prezi Embedder. Get yours here: http:\/\/wordpress.org\/plugins\/prezi-embedder\/ -->\n<iframe loading=\"lazy\" src=\"\/\/prezi.com\/embed\/mqjmzdgo26ny\/?bgcolor=ffffff&amp;lock_to_path=0&amp;autoplay=1&amp;autohide_ctrls=0&amp;html5=1\" width=\"740\" height=\"250\" frameBorder=\"0\" class='aligncenter' webkitAllowFullScreen=\"\" mozAllowFullscreen=\"\" allowfullscreen=\"\"><\/iframe>\n","protected":false},"excerpt":{"rendered":"<p>Aktu\u00e1lis kurzusaink\u00e9rt l\u00e1sd a napt\u00e1runkat. A Szent Andr\u00e1s Evangeliz\u00e1ci\u00f3s Iskol\u00e1t Isten hi\u00e1nyp\u00f3tol\u00e1sul hozta l\u00e9tre. Az Egyh\u00e1z, Krisztus k\u00fcldet\u00e9s\u00e9t folytatva, a harmadik \u00e9vezred elej\u00e9n is arra h\u00edvatott Eur\u00f3p\u00e1ban, hogy hirdesse az evang\u00e9liumot, csakhogy\u2026 nincs r\u00e1 el\u00e9g \u00e9s megfelel\u0151 embere. Van sok papja, teol\u00f3gusa, katek\u00e9t\u00e1ja, hittan\u00e1ra, de alig van evangeliz\u00e1tora. Ez\u00e9rt hozta l\u00e9tre Isten ezt az iskol\u00e1t: &hellip; <\/p>\n<p class=\"link-more\"><a href=\"https:\/\/www.szentandrasiskola.ro\/\" class=\"more-link\">Continu\u0103 lectura<span class=\"screen-reader-text\"> &#8222;Bemutatkoz\u00e1s&#8221;<\/span><\/a><\/p>\n","protected":false},"author":1,"featured_media":0,"parent":0,"menu_order":0,"comment_status":"closed","ping_status":"closed","template":"","meta":{"footnotes":""},"class_list":["post-42","page","type-page","status-publish","hentry"],"_links":{"self":[{"href":"https:\/\/www.szentandrasiskola.ro\/index.php\/wp-json\/wp\/v2\/pages\/42","targetHints":{"allow":["GET"]}}],"collection":[{"href":"https:\/\/www.szentandrasiskola.ro\/index.php\/wp-json\/wp\/v2\/pages"}],"about":[{"href":"https:\/\/www.szentandrasiskola.ro\/index.php\/wp-json\/wp\/v2\/types\/page"}],"author":[{"embeddable":true,"href":"https:\/\/www.szentandrasiskola.ro\/index.php\/wp-json\/wp\/v2\/users\/1"}],"replies":[{"embeddable":true,"href":"https:\/\/www.szentandrasiskola.ro\/index.php\/wp-json\/wp\/v2\/comments?post=42"}],"version-history":[{"count":36,"href":"https:\/\/www.szentandrasiskola.ro\/index.php\/wp-json\/wp\/v2\/pages\/42\/revisions"}],"predecessor-version":[{"id":8152,"href":"https:\/\/www.szentandrasiskola.ro\/index.php\/wp-json\/wp\/v2\/pages\/42\/revisions\/8152"}],"wp:attachment":[{"href":"https:\/\/www.szentandrasiskola.ro\/index.php\/wp-json\/wp\/v2\/media?parent=42"}],"curies":[{"name":"wp","href":"https:\/\/api.w.org\/{rel}","templated":true}]}}