{"id":59,"date":"2017-12-25T23:31:02","date_gmt":"2017-12-25T21:31:02","guid":{"rendered":"http:\/\/www.szentandrasiskola.ro\/?page_id=59"},"modified":"2021-01-11T00:38:21","modified_gmt":"2021-01-10T22:38:21","slug":"celunk","status":"publish","type":"page","link":"https:\/\/www.szentandrasiskola.ro\/index.php\/celunk\/","title":{"rendered":"C\u00e9lunk"},"content":{"rendered":"<p><img loading=\"lazy\" decoding=\"async\" class=\"alignright alignright\" src=\"https:\/\/www.szentandrasiskola.ro\/wp-content\/uploads\/2017\/12\/bm_evangelizacio_folyamata_es_a_szent_andras.png\" alt=\"\" width=\"186\" height=\"852\"><br \/>\nC\u00e9lunk, hogy minden h\u00edv\u0151 katolikus evangliz\u00e1tor legyen, hogy minden pl\u00e9b\u00e1nia-k\u00f6z\u00f6ss\u00e9g evangeliz\u00e1l\u00f3 legyen.<\/p>\n<p><strong><em>a.<\/em>&nbsp;Evangeliz\u00e1tor<\/strong><\/p>\n<p>Az evangeliz\u00e1torok az \u00faj evangeliz\u00e1ci\u00f3 el\u0151felt\u00e9tele: olyan egyszer\u0171 h\u00edv\u0151k, akik egy k\u00f6z\u00f6ss\u00e9g tagjak\u00e9nt a mindennapi \u00e9let\u00fck sor\u00e1n ismer\u0151seiknek \u00e9s ismeretlenek sz\u00e1m\u00e1ra is k\u00e9pesek tan\u00fas\u00e1got tenni J\u00e9zus Krisztusr\u00f3l, hirdetni \u0150t egyetlen Megv\u00e1lt\u00f3k\u00e9nt \u00e9s elvezetni a keres\u0151ket a megt\u00e9r\u00e9sre, majd ezut\u00e1n a k\u00f6z\u00f6ss\u00e9gbe.<\/p>\n<div class=\"slogan\">Az \u00faj evangeliz\u00e1ci\u00f3 els\u0151sorban az evangeliz\u00e1torokon m\u00falik.<\/div>\n<p>Ugyanis sok szakember\u00fcnk van az Egyh\u00e1zban \u2013 papok, szerzetesek, katek\u00e9t\u00e1k, teol\u00f3gusok \u2013 akik az evangeliz\u00e1ci\u00f3 m\u00e1s szakaszaiban munk\u00e1lkodn\u00e1nak, de jelenleg nincsenek olyanok, akik elv\u00e9gezn\u00e9k az els\u0151 evangeliz\u00e1ci\u00f3 szolg\u00e1lat\u00e1t. Ha lesznek a k\u00f6z\u00f6ss\u00e9geknek, pl\u00e9b\u00e1ni\u00e1knak evangeliz\u00e1toraik, beindul a g\u00e9pezet.<\/p>\n<p>Nem gondoljuk, hogy n\u00e9h\u00e1ny evangeliz\u00e1ci\u00f3s szakemberrel m\u00e1ris minden a hely\u00e9re ker\u00fcl. Sokkal t\u00f6bb evangeliz\u00e1torra van sz\u00fcks\u00e9g, mint katek\u00e9t\u00e1ra vagy papra: minden katolikus evangeliz\u00e1torr\u00e1 kell hogy v\u00e1ljon. Ez a kereszts\u00e9gi \u00e9s a b\u00e9rm\u00e1l\u00e1si k\u00fcldet\u00e9s\u00fcnk, mert \u201eaz els\u0151 igehirdet\u00e9sre minden kereszt\u00e9ny megh\u00edv\u00e1st kap.\u201d (<a href=\"http:\/\/uj.katolikus.hu\/konyvtar.php?h=142#K61\">K\u00c1D 61<\/a>)<\/p>\n<p><strong><em>b.<\/em>&nbsp;Hely\u00fcnk az evangeliz\u00e1ci\u00f3 folyamat\u00e1ban<\/strong><\/p>\n<p>Iskol\u00e1nk az evangeliz\u00e1ci\u00f3 folyamat\u00e1ban n\u00e9h\u00e1ny kritikus l\u00e9p\u00e9st val\u00f3s\u00edt meg: az els\u0151 hirdet\u00e9s ter\u00fclet\u00e9n \u00e9s a folyamat v\u00e9g\u00e9n, az evangeliz\u00e1ci\u00f3ra val\u00f3 felk\u00e9sz\u00edt\u00e9sben. Mindkett\u0151 hi\u00e1nyz\u00f3 \u00e9s p\u00f3tolhat\u00f3 l\u00e1ncszem Rom\u00e1ni\u00e1ban \u00e9s <a href=\"http:\/\/www.ujevangelizacio.hu\/\">Magyarorsz\u00e1gon<\/a> egyar\u00e1nt.<\/p>\n<p>Az Iskola nem v\u00e9gzi el az evangeliz\u00e1ci\u00f3 teljes k\u00fcldet\u00e9s\u00e9t, hogy mi evangeliz\u00e1ljunk az Egyh\u00e1z, a (pl\u00e9b\u00e1nia)k\u00f6z\u00f6ss\u00e9gek helyett. Az evangeliz\u00e1ci\u00f3 a teljes Egyh\u00e1z k\u00fcldet\u00e9se. Mi egy iskola vagyunk, hogy megtanuljon Isten n\u00e9pre \u00fajra evangeliz\u00e1lni.<\/p>\n<div style=\"clear: both;\">&nbsp;<\/div>\n","protected":false},"excerpt":{"rendered":"<p>C\u00e9lunk, hogy minden h\u00edv\u0151 katolikus evangliz\u00e1tor legyen, hogy minden pl\u00e9b\u00e1nia-k\u00f6z\u00f6ss\u00e9g evangeliz\u00e1l\u00f3 legyen. a.&nbsp;Evangeliz\u00e1tor Az evangeliz\u00e1torok az \u00faj evangeliz\u00e1ci\u00f3 el\u0151felt\u00e9tele: olyan egyszer\u0171 h\u00edv\u0151k, akik egy k\u00f6z\u00f6ss\u00e9g tagjak\u00e9nt a mindennapi \u00e9let\u00fck sor\u00e1n ismer\u0151seiknek \u00e9s ismeretlenek sz\u00e1m\u00e1ra is k\u00e9pesek tan\u00fas\u00e1got tenni J\u00e9zus Krisztusr\u00f3l, hirdetni \u0150t egyetlen Megv\u00e1lt\u00f3k\u00e9nt \u00e9s elvezetni a keres\u0151ket a megt\u00e9r\u00e9sre, majd ezut\u00e1n a k\u00f6z\u00f6ss\u00e9gbe. Az &hellip; <\/p>\n<p class=\"link-more\"><a href=\"https:\/\/www.szentandrasiskola.ro\/index.php\/celunk\/\" class=\"more-link\">Continu\u0103 lectura<span class=\"screen-reader-text\"> &#8222;C\u00e9lunk&#8221;<\/span><\/a><\/p>\n","protected":false},"author":1,"featured_media":0,"parent":0,"menu_order":0,"comment_status":"closed","ping_status":"closed","template":"","meta":{"footnotes":""},"class_list":["post-59","page","type-page","status-publish","hentry"],"_links":{"self":[{"href":"https:\/\/www.szentandrasiskola.ro\/index.php\/wp-json\/wp\/v2\/pages\/59","targetHints":{"allow":["GET"]}}],"collection":[{"href":"https:\/\/www.szentandrasiskola.ro\/index.php\/wp-json\/wp\/v2\/pages"}],"about":[{"href":"https:\/\/www.szentandrasiskola.ro\/index.php\/wp-json\/wp\/v2\/types\/page"}],"author":[{"embeddable":true,"href":"https:\/\/www.szentandrasiskola.ro\/index.php\/wp-json\/wp\/v2\/users\/1"}],"replies":[{"embeddable":true,"href":"https:\/\/www.szentandrasiskola.ro\/index.php\/wp-json\/wp\/v2\/comments?post=59"}],"version-history":[{"count":8,"href":"https:\/\/www.szentandrasiskola.ro\/index.php\/wp-json\/wp\/v2\/pages\/59\/revisions"}],"predecessor-version":[{"id":7662,"href":"https:\/\/www.szentandrasiskola.ro\/index.php\/wp-json\/wp\/v2\/pages\/59\/revisions\/7662"}],"wp:attachment":[{"href":"https:\/\/www.szentandrasiskola.ro\/index.php\/wp-json\/wp\/v2\/media?parent=59"}],"curies":[{"name":"wp","href":"https:\/\/api.w.org\/{rel}","templated":true}]}}