{"id":740,"date":"2018-05-26T22:20:37","date_gmt":"2018-05-26T20:20:37","guid":{"rendered":"http:\/\/www.szentandrasiskola.ro\/?page_id=740"},"modified":"2018-06-06T10:52:26","modified_gmt":"2018-06-06T08:52:26","slug":"adatvedelem","status":"publish","type":"page","link":"https:\/\/www.szentandrasiskola.ro\/index.php\/adatvedelem\/","title":{"rendered":"Adatv\u00e9delem"},"content":{"rendered":"<p>Kedves Szent Andr\u00e1s Evangeliz\u00e1ci\u00f3s Iskol\u00e1val m\u00e1r kapcsolatban l\u00e9v\u0151 vagy szimpatiz\u00e1l\u00f3 testv\u00e9r\u00fcnk,<\/p>\n<p>Val\u00f3sz\u00edn\u0171leg \u00e9rtes\u00fclt\u00e9l m\u00e1r r\u00f3la, hogy 2018 m\u00e1jus 25-t\u0151l \u00e9letbe l\u00e9pett az Eur\u00f3pai Uni\u00f3ban az \u00fagynevezett GDPR -\u00c1ltal\u00e1nos Adatv\u00e9delmi Rendelet. (L\u00e1sd: <a href=\"https:\/\/www.gdpr.info.hu\/single-post\/GDPR-k%C3%B6z%C3%A9rthet%C5%91en-1-r%C3%A9sz\">GDPR K\u00f6z\u00e9rthet\u0151en 1 r\u00e9sz<\/a>, <a href=\"https:\/\/www.gdpr.info.hu\/single-post\/GDPR-k%C3%B6z%C3%A9rthet%C5%91en-2-r%C3%A9sz\">GDPR K\u00f6z\u00e9rthet\u0151en 2 r\u00e9sz<\/a>, <a href=\"https:\/\/www.gdpr.info.hu\/single-post\/2017\/10\/20\/GDPR-k%C3%B6z%C3%A9rthet%C5%91en---3-r%C3%A9sz\">GDPR K\u00f6z\u00e9rthet\u0151en 3 r\u00e9sz<\/a>.)<\/p>\n<p>\u00d6sszefoglalva ami a Szent Andr\u00e1s Evangeliz\u00e1ci\u00f3s Iskol\u00e1ra illetve az \u00e1ltala begy\u0171jt\u00f6tt adatokra vonatkozik: Az adatok alany\u00e1nak (tulajdonos\u00e1nak) joga van:<\/p>\n<ul>\n<li><span class=\"fs24 ff5 cf0\">megtudni, hogy milyen adatokat t\u00e1rolnak r\u00f3la \u00e9s k\u00e9rni azok helyesb\u00edt\u00e9s\u00e9t illetve t\u00f6rl\u00e9s\u00e9t;<\/span><\/li>\n<li><span class=\"fs24 ff5 cf0\">megszabni, hogy mire haszn\u00e1lj\u00e1k az \u0151 adatait;<\/span><\/li>\n<\/ul>\n<p>&nbsp;<\/p>\n<p>Ezen t\u00f6rv\u00e9ny \u00e9rtelm\u00e9ben <strong>sz\u00fcks\u00e9ges<\/strong>, hogy a \u00fajra a beleegyez\u00e9sedet k\u00e9rj\u00fck az adataidhoz val\u00f3 hozz\u00e1f\u00e9r\u00e9s\u00fcnkh\u00f6z, ez\u00e9rt amennyiben szeretn\u00e9d, hogy ezut\u00e1n is kapcsolatba l\u00e9pj\u00fcnk veled, k\u00e9rlek t\u00f6ltsd ki a k\u00f6vetkez\u0151 \u0171rlapot.<\/p>\n<p>Isten \u00c1ldjon \u00e9s \u0150rizzen!<\/p>\n<p>&nbsp;<\/p>\n<p><iframe loading=\"lazy\" src=\"https:\/\/docs.google.com\/forms\/d\/e\/1FAIpQLSfidB6GzusDyeaNUz5rQFiHR2rJcym6969u4S_gOMwepT4x6g\/viewform?embedded=true&#038;hl=hu\" width=\"740\" height=\"1690\" frameborder=\"0\" marginheight=\"0\" marginwidth=\"0\">Bet\u00f6lt\u00e9s&#8230;<\/iframe><\/p>\n","protected":false},"excerpt":{"rendered":"<p>Kedves Szent Andr\u00e1s Evangeliz\u00e1ci\u00f3s Iskol\u00e1val m\u00e1r kapcsolatban l\u00e9v\u0151 vagy szimpatiz\u00e1l\u00f3 testv\u00e9r\u00fcnk, Val\u00f3sz\u00edn\u0171leg \u00e9rtes\u00fclt\u00e9l m\u00e1r r\u00f3la, hogy 2018 m\u00e1jus 25-t\u0151l \u00e9letbe l\u00e9pett az Eur\u00f3pai Uni\u00f3ban az \u00fagynevezett GDPR -\u00c1ltal\u00e1nos Adatv\u00e9delmi Rendelet. (L\u00e1sd: GDPR K\u00f6z\u00e9rthet\u0151en 1 r\u00e9sz, GDPR K\u00f6z\u00e9rthet\u0151en 2 r\u00e9sz, GDPR K\u00f6z\u00e9rthet\u0151en 3 r\u00e9sz.) \u00d6sszefoglalva ami a Szent Andr\u00e1s Evangeliz\u00e1ci\u00f3s Iskol\u00e1ra illetve az \u00e1ltala begy\u0171jt\u00f6tt adatokra &hellip; <\/p>\n<p class=\"link-more\"><a href=\"https:\/\/www.szentandrasiskola.ro\/index.php\/adatvedelem\/\" class=\"more-link\">Continu\u0103 lectura<span class=\"screen-reader-text\"> &#8222;Adatv\u00e9delem&#8221;<\/span><\/a><\/p>\n","protected":false},"author":1,"featured_media":0,"parent":0,"menu_order":0,"comment_status":"closed","ping_status":"closed","template":"","meta":{"footnotes":""},"class_list":["post-740","page","type-page","status-publish","hentry"],"_links":{"self":[{"href":"https:\/\/www.szentandrasiskola.ro\/index.php\/wp-json\/wp\/v2\/pages\/740","targetHints":{"allow":["GET"]}}],"collection":[{"href":"https:\/\/www.szentandrasiskola.ro\/index.php\/wp-json\/wp\/v2\/pages"}],"about":[{"href":"https:\/\/www.szentandrasiskola.ro\/index.php\/wp-json\/wp\/v2\/types\/page"}],"author":[{"embeddable":true,"href":"https:\/\/www.szentandrasiskola.ro\/index.php\/wp-json\/wp\/v2\/users\/1"}],"replies":[{"embeddable":true,"href":"https:\/\/www.szentandrasiskola.ro\/index.php\/wp-json\/wp\/v2\/comments?post=740"}],"version-history":[{"count":18,"href":"https:\/\/www.szentandrasiskola.ro\/index.php\/wp-json\/wp\/v2\/pages\/740\/revisions"}],"predecessor-version":[{"id":786,"href":"https:\/\/www.szentandrasiskola.ro\/index.php\/wp-json\/wp\/v2\/pages\/740\/revisions\/786"}],"wp:attachment":[{"href":"https:\/\/www.szentandrasiskola.ro\/index.php\/wp-json\/wp\/v2\/media?parent=740"}],"curies":[{"name":"wp","href":"https:\/\/api.w.org\/{rel}","templated":true}]}}