{"id":742,"date":"2018-05-26T22:20:37","date_gmt":"2018-05-26T20:20:37","guid":{"rendered":"http:\/\/www.szentandrasiskola.ro\/?page_id=742"},"modified":"2018-06-06T10:52:10","modified_gmt":"2018-06-06T08:52:10","slug":"protectia-datelor","status":"publish","type":"page","link":"https:\/\/www.scoalasfantulandrei.ro\/index.php\/protectia-datelor\/","title":{"rendered":"Protec\u021bia datelor"},"content":{"rendered":"<p>Drag\u0103 frate, Drag\u0103 sor\u0103 cine e\u0219ti interesat sau simpatizezi cu \u0218coala de Evanghelizare Sf\u00e2ntul Andrei,<\/p>\n<p>Probabil deja ai aflat c\u0103 \u00eencep\u00e2nd cu data 25 mai 2018 a intrat \u00een vigoare Regulamentul General de Protec\u021bie a Datelor, a\u0219a zisul GDPR. (Vezi:\u00a0 <a href=\"https:\/\/www.clujust.ro\/gdpr-pe-intelesul-tuturor-tot-ce-trebuie-sa-stiti-despre-regulamentul-general-de-protectie-a-datelor-si-cum-sa-va-pregatiti-pentru-aplicarea-lui\/\">GDPR pe \u00een\u021belesul tuturor<\/a>.)<\/p>\n<p>Sumarul acesteia \u00een ceea ce prive\u0219te \u0218coala de Evanghelizare Sf\u00e2ntul Andrei \u0219i datele procurate este: Persoana vizat\u0103 are dreptul:<\/p>\n<ul>\n<li><span class=\"fs24 ff5 cf0\">s\u0103 afle ce date sunt stocate despre el, s\u0103 cear\u0103 rectificarea sau \u0219tergerea acelora;<\/span><\/li>\n<li><span class=\"fs24 ff5 cf0\">s\u0103 defineasc\u0103 la ce anume sunt folosit datele sale;<\/span><\/li>\n<\/ul>\n<p>&nbsp;<\/p>\n<p>Potrivit acestui regulament <strong>avem nevoie de consim\u021b\u0103m\u0103ntul t\u0103u<\/strong>, ca s\u0103 putem folosi datele tale. De aceea dac\u0103 \u00een continuare dore\u0219ti s\u0103 prime\u0219ti din partea noastr\u0103 informa\u021bii te rug\u0103m s\u0103 completezi urm\u0103torul formular.<\/p>\n<p>Dumnezeu s\u0103 te Binecuv\u00e2nteze!<\/p>\n<p><iframe loading=\"lazy\" src=\"https:\/\/docs.google.com\/forms\/d\/e\/1FAIpQLSelEXVHDUFeNcW_3XBlgNvN3X50hUaM9kVzbKfGcvhlGxviLA\/viewform?embedded=true&#038;hl=ro\" width=\"740\" height=\"1780\" frameborder=\"0\" marginheight=\"0\" marginwidth=\"0\">Se incarca&#8230;<\/iframe><\/p>\n","protected":false},"excerpt":{"rendered":"<p>Drag\u0103 frate, Drag\u0103 sor\u0103 cine e\u0219ti interesat sau simpatizezi cu \u0218coala de Evanghelizare Sf\u00e2ntul Andrei, Probabil deja ai aflat c\u0103 \u00eencep\u00e2nd cu data 25 mai 2018 a intrat \u00een vigoare Regulamentul General de Protec\u021bie a Datelor, a\u0219a zisul GDPR. (Vezi:\u00a0 GDPR pe \u00een\u021belesul tuturor.) Sumarul acesteia \u00een ceea ce prive\u0219te \u0218coala de Evanghelizare Sf\u00e2ntul Andrei &hellip; <\/p>\n<p class=\"link-more\"><a href=\"https:\/\/www.scoalasfantulandrei.ro\/index.php\/protectia-datelor\/\" class=\"more-link\">Continu\u0103 lectura<span class=\"screen-reader-text\"> &#8222;Protec\u021bia datelor&#8221;<\/span><\/a><\/p>\n","protected":false},"author":1,"featured_media":0,"parent":0,"menu_order":0,"comment_status":"closed","ping_status":"closed","template":"","meta":{"footnotes":""},"class_list":["post-742","page","type-page","status-publish","hentry"],"_links":{"self":[{"href":"https:\/\/www.szentandrasiskola.ro\/index.php\/wp-json\/wp\/v2\/pages\/742","targetHints":{"allow":["GET"]}}],"collection":[{"href":"https:\/\/www.szentandrasiskola.ro\/index.php\/wp-json\/wp\/v2\/pages"}],"about":[{"href":"https:\/\/www.szentandrasiskola.ro\/index.php\/wp-json\/wp\/v2\/types\/page"}],"author":[{"embeddable":true,"href":"https:\/\/www.szentandrasiskola.ro\/index.php\/wp-json\/wp\/v2\/users\/1"}],"replies":[{"embeddable":true,"href":"https:\/\/www.szentandrasiskola.ro\/index.php\/wp-json\/wp\/v2\/comments?post=742"}],"version-history":[{"count":15,"href":"https:\/\/www.szentandrasiskola.ro\/index.php\/wp-json\/wp\/v2\/pages\/742\/revisions"}],"predecessor-version":[{"id":784,"href":"https:\/\/www.szentandrasiskola.ro\/index.php\/wp-json\/wp\/v2\/pages\/742\/revisions\/784"}],"wp:attachment":[{"href":"https:\/\/www.szentandrasiskola.ro\/index.php\/wp-json\/wp\/v2\/media?parent=742"}],"curies":[{"name":"wp","href":"https:\/\/api.w.org\/{rel}","templated":true}]}}