{"id":7841,"date":"2022-09-27T08:48:06","date_gmt":"2022-09-27T06:48:06","guid":{"rendered":"https:\/\/www.szentandrasiskola.ro\/?page_id=7841"},"modified":"2022-10-03T21:57:39","modified_gmt":"2022-10-03T19:57:39","slug":"cursul-viata-noua-in-cristos-25-27-noiembrie-2022","status":"publish","type":"page","link":"https:\/\/www.scoalasfantulandrei.ro\/index.php\/cursul-viata-noua-in-cristos-25-27-noiembrie-2022\/","title":{"rendered":"Cursul Via\u021b\u0103 Nou\u0103 \u00een Cristos, 25-27 noiembrie 2022"},"content":{"rendered":"\n<p>\u00cen cursul <strong>Via\u021b\u0103 Nou\u0103<\/strong> este vorba despre <strong>Isus<\/strong> \u0219i despre vestea Lui cea bun\u0103, \u00een mod simplu. Nu se poate afla altceva la acest curs despre Dumnezeu dec\u00e2t ce e cel mai important despre El.<\/p>\n\n\n\n<p><strong>Pentru cine este cursul?<\/strong> Pentru tine!<\/p>\n\n\n\n<p>&#8211; vrei s\u0103 fii cre\u0219tin,<br>&#8211; vrei s\u0103 fii mai mult dec\u00e2t un cre\u0219tin de duminic\u0103,<br>&#8211; nu \u0219tii \u00eenc\u0103, de ce e o bucurie s\u0103 tr\u0103ie\u0219ti cu Isus,<br>&#8211; nu te mai po\u021bi bucura de Isus,<br>&#8211; dore\u0219ti s\u0103 cuno\u0219ti fa\u021ba adev\u0103rat\u0103 a lui Dumnezeu,<br>&#8211; te trage p\u0103catul \u00een jos,<br>&#8211; nu \u00een\u021belegi de ce ne bucur\u0103m din plin \u00een timpul Pa\u0219telui,<br>&#8211; credin\u021ba ta este pu\u021bin\u0103,<br>&#8211; Spiritul lui Dumnezeu e departe,<br>&#8211; e\u0219ti (un cre\u0219tin) singuratic,<br>&#8211; \u00eenc\u0103 nu e\u0219ti (pe deplin) al lui Dumnezeu,<br>-vrei s\u0103 porne\u0219ti o via\u021b\u0103 nou\u0103 cu Dumnezeu.<\/p>\n\n\n\n<p><strong>\u00cen ce const\u0103? <\/strong>\u00cenv\u0103\u021b\u0103turi, rug\u0103ciuni, c\u00e2ntece \u0219i mult\u0103-mult\u0103 practic\u0103, experien\u021be comune, ca toate acele lucruri despre care este vorba \u00een acest curs s\u0103 devin\u0103 realitate \u00een tine.<\/p>\n\n\n\n<p><strong>Din temele cursului<br><\/strong>Dumnezeu are un cadou pentru mine<br><strong>Dumnezeu<\/strong>: m\u0103 iube\u0219te, nu m\u0103 iube\u0219te?<br>P\u00e2n\u0103 c\u00e2nd experimentez?<br><strong>Isus<\/strong>: solu\u021bia Pa\u0219telui<br>Trebuie s\u0103 credem?<br>Ce \u00eenseamn\u0103 convertirea \u0219i la ce e bun\u0103?<br>De ce \u00cel numim pe Isus, Domn?<br><strong>Spiritul Sf\u00e2nt<\/strong>: doar cirea\u0219a de pe tort?<br><strong>Comunitate \u0219i Biseric\u0103<\/strong>: pentru a supravie\u021bui \u0219i a cre\u0219te<\/p>\n\n\n\n<p><\/p>\n\n\n\n<p>Loca\u021bia cursului: <strong>Cluj Napoca, strada Mo\u021bilor,<\/strong> <strong>nr 32, la Centrul Caritativ-Educativ \u201e Iubire \u0219i Adev\u0103r\u201d, Funda\u021bia Familia Sf\u00e2nt\u0103.<\/strong><\/p>\n\n\n\n<p>Data cursului: <strong>25-27 noiembrie 2022.<\/strong> <br>\u00cencepem vineri la 17:00, de aceea v\u0103 rug\u0103m frumos s\u0103 ajunge\u021bi la 16:45 la loca\u021bie.<br>\u00cencheierea cursului va fi duminic\u0103 \u00een jurul orei 14:30.<\/p>\n\n\n\n<p><strong>Condi\u021biile<\/strong> <strong>de<\/strong> <strong>\u00eenscrire<\/strong>: temele cursului au leg\u0103tur\u0103 \u00eentre ele, de aceea este nevoie ca s\u0103 fi\u021bi prezen\u021bi pe <strong>toat\u0103<\/strong> durata cursului.<\/p>\n\n\n\n<p>De adus la curs: <strong>Biblie <\/strong>complet\u0103 (Vechiul \u0219i Noul Testament), <strong>caiet de noti\u021be<\/strong>, ceva de scris, o <strong>e\u0219arf\u0103\/fular<\/strong>, \u0219i <strong>neap\u0103rat o inim\u0103 deschis\u0103 \ud83d\ude42<\/strong> !<\/p>\n\n\n\n<p>Costul cursului este <strong>120 de lei<\/strong>, din care <strong>60<\/strong> <strong>de le<\/strong>i trebuie pl\u0103tit ca avans, restul la \u00eenceputul cursului.<br>Costul cursului include masa de pr\u00e2nz -luat\u0103 \u00eempreun\u0103 s\u00e2mb\u0103t\u0103- \u0219i cheltuielile organizatorice, iar dac\u0103 te r\u0103zg\u00e2nde\u0219ti nu putem s\u0103 \u00ee\u021bi<em> <\/em>restituim avansul.  Nu dorim ca motivele financiare s\u0103 fie o piedic\u0103 pentru tine ca s\u0103 participi, a\u0219a c\u0103 te incuraj\u0103m s\u0103 ne contactezi \u0219i vom g\u0103si o solu\u021bie.<\/p>\n\n\n\n<p>Data limit\u0103 de \u00eenscriere:<strong>1 Noiembrie 2022<\/strong>.<\/p>\n\n\n\n<p>Persoana de contact \u0219i informa\u021bii: <strong>Melinda Bica<\/strong>, 0739 869 189, &#x63;l&#x75;&#106;&#x40;&#115;c&#x6f;a&#x6c;&#97;&#x73;&#102;a&#x6e;&#116;&#x75;&#108;a&#x6e;d&#x72;&#101;&#x69;&#46;r&#x6f;<\/p>\n\n\n\n<p class=\"has-text-align-center has-white-color has-vivid-green-cyan-background-color has-text-color has-background\" style=\"font-style:italic;font-weight:600\"><strong>Abia a\u0219tept\u0103m s\u0103 ne \u00eent\u0103lnim!<\/strong><\/p>\n\n\n\n<h2 class=\"wp-block-heading\">\u00censcriere la curs<\/h2>\n\n\n<div id=\"tripetto-runner-c418265d\"><\/div><script>(function(t,r,i,p){var a=i.getElementById(t.element),b=t.bundles.map(function(s){return t.uri+s+\".js?ver=8.0.10\"}),c=function(d){d.forEach(function(e){if(!r[e]){var b=i.createElement(p);r[e]=true;b.src=e;a.parentNode.insertBefore(b,a)}})};(function(f){f(f)})(function(f){c([b[0]]);typeof r[t.namespaces[0]]!==\"undefined\"&&t.namespaces.filter(function(s){c(b);return typeof r[s]===\"undefined\"}).length===0?WPTripettoRunner.run(t):setTimeout(function(){f(f)},1)});})({\"reference\":\"57e8c264b083b6506f84d3a6acd5ff7517cf003d516115f04393ddd5023c144e\",\"runner\":\"autoscroll\",\"element\":\"tripetto-runner-c418265d\",\"fullPage\":false,\"pausable\":false,\"persistent\":false,\"pro\":false,\"css\":\"\",\"className\":\"\",\"width\":\"\",\"height\":\"\",\"language\":\"ro_RO\",\"url\":\"https:\\\/\\\/www.szentandrasiskola.ro\\\/wp-admin\\\/admin-ajax.php\",\"uri\":\"https:\\\/\\\/www.szentandrasiskola.ro\\\/wp-content\\\/plugins\\\/tripetto\",\"bundles\":[\"\\\/vendors\\\/tripetto-runner\",\"\\\/vendors\\\/tripetto-runner-autoscroll\",\"\\\/js\\\/wp-tripetto-runner\"],\"namespaces\":[\"TripettoRunner\",\"TripettoAutoscroll\",\"WPTripettoRunner\"]},window,document,\"script\");<\/script><noscript>Normally you should see a Tripetto form over here, but it needs JavaScript to run properly and it seems that is disabled in your browser. Please enable JavaScript to see and use the form.<\/noscript>\n","protected":false},"excerpt":{"rendered":"<p>\u00cen cursul Via\u021b\u0103 Nou\u0103 este vorba despre Isus \u0219i despre vestea Lui cea bun\u0103, \u00een mod simplu. Nu se poate afla altceva la acest curs despre Dumnezeu dec\u00e2t ce e cel mai important despre El. Pentru cine este cursul? Pentru tine! &#8211; vrei s\u0103 fii cre\u0219tin,&#8211; vrei s\u0103 fii mai mult dec\u00e2t un cre\u0219tin de &hellip; <\/p>\n<p class=\"link-more\"><a href=\"https:\/\/www.scoalasfantulandrei.ro\/index.php\/cursul-viata-noua-in-cristos-25-27-noiembrie-2022\/\" class=\"more-link\">Continu\u0103 lectura<span class=\"screen-reader-text\"> &#8222;Cursul Via\u021b\u0103 Nou\u0103 \u00een Cristos, 25-27 noiembrie 2022&#8221;<\/span><\/a><\/p>\n","protected":false},"author":1,"featured_media":0,"parent":0,"menu_order":0,"comment_status":"closed","ping_status":"closed","template":"","meta":{"footnotes":""},"class_list":["post-7841","page","type-page","status-publish","hentry"],"_links":{"self":[{"href":"https:\/\/www.szentandrasiskola.ro\/index.php\/wp-json\/wp\/v2\/pages\/7841","targetHints":{"allow":["GET"]}}],"collection":[{"href":"https:\/\/www.szentandrasiskola.ro\/index.php\/wp-json\/wp\/v2\/pages"}],"about":[{"href":"https:\/\/www.szentandrasiskola.ro\/index.php\/wp-json\/wp\/v2\/types\/page"}],"author":[{"embeddable":true,"href":"https:\/\/www.szentandrasiskola.ro\/index.php\/wp-json\/wp\/v2\/users\/1"}],"replies":[{"embeddable":true,"href":"https:\/\/www.szentandrasiskola.ro\/index.php\/wp-json\/wp\/v2\/comments?post=7841"}],"version-history":[{"count":5,"href":"https:\/\/www.szentandrasiskola.ro\/index.php\/wp-json\/wp\/v2\/pages\/7841\/revisions"}],"predecessor-version":[{"id":7864,"href":"https:\/\/www.szentandrasiskola.ro\/index.php\/wp-json\/wp\/v2\/pages\/7841\/revisions\/7864"}],"wp:attachment":[{"href":"https:\/\/www.szentandrasiskola.ro\/index.php\/wp-json\/wp\/v2\/media?parent=7841"}],"curies":[{"name":"wp","href":"https:\/\/api.w.org\/{rel}","templated":true}]}}