{"id":80,"date":"2017-12-25T23:49:30","date_gmt":"2017-12-25T21:49:30","guid":{"rendered":"http:\/\/www.szentandrasiskola.ro\/?page_id=80"},"modified":"2022-04-23T13:10:40","modified_gmt":"2022-04-23T11:10:40","slug":"fondatorul-scolii","status":"publish","type":"page","link":"https:\/\/www.scoalasfantulandrei.ro\/index.php\/fondatorul-scolii\/","title":{"rendered":"Fondatorul \u0218colii"},"content":{"rendered":"<p><img loading=\"lazy\" decoding=\"async\" class=\"alignleft size-full wp-image-77\" src=\"http:\/\/www.szentandrasiskola.ro\/wp-content\/uploads\/2017\/12\/jhpflores.jpg\" alt=\"Jose Prado Flores\" width=\"257\" height=\"416\" srcset=\"https:\/\/www.szentandrasiskola.ro\/wp-content\/uploads\/2017\/12\/jhpflores.jpg 257w, https:\/\/www.szentandrasiskola.ro\/wp-content\/uploads\/2017\/12\/jhpflores-185x300.jpg 185w\" sizes=\"auto, (max-width: 257px) 100vw, 257px\" \/><a href=\"http:\/\/www.evangelizacion.net\/\">Jos\u00e9 H. Prado Flores<\/a>, cunoscut \u0219i sub numele de Pepe Prado, este fondatorul \u0218colii de Evanghelizare Sf\u00e2ntul Andrei.<\/p>\n<p>Este autorul celor 41 de c\u0103r\u021bi \u00een care vorbe\u0219te despre Biblie, evanghelizare \u0219i re\u00eennoirea \u00een Spiritul Sf\u00e2nt. A scris 16 cursuri pentru \u0218coliile Sf\u00e2ntul Andrei din \u00eentreaga lume.<\/p>\n<p>A predicat \u00een 56 de \u021b\u0103ri, inclusiv \u0219i \u00een Vatican. A slujit \u00eempreun\u0103 cu p\u0103rintele Emiliano Tardif, au scris \u00eempreun\u0103 trei c\u0103r\u021bi, dintre care cea mai cunoscut\u0103 este \u201eM\u0103rturisesc: Isus tr\u0103ie\u0219te!\u201d, fiind tradus\u0103 \u00een 25 de limbi.<\/p>\n<h2>M\u0103rturia vie\u021bii mele<\/h2>\n<p class=\"rtejustify\">Aproape am pus cap\u0103t form\u0103rii mele \u00een anul 1971. Experien\u021ba mea spiritual\u0103 a fost satisf\u0103c\u0103toare \u0219i am tr\u0103it \u00een credin\u021ba c\u0103 via\u021ba din bel\u0219ug este rezervat\u0103 pentru o alt\u0103 lume. \u00cen realitate nu am avut a\u0219tept\u0103ri mari, pentru c\u0103 am crezut \u00een ceea ce este posibil. M-am sim\u021bit bine \u0219i nu am avut nevoie de m\u00e2ntuire, sau mai mult de asta, am crezut c\u0103 m\u00e2ntuirea este pentru cei care au p\u0103cate mari \u0219i eu cu siguran\u021b\u0103 nu sunt \u00eentre ei. Nu am produs p\u0103cate scandaloase, dar aveam \u00een mine cel mai r\u0103u p\u0103cat: fariseismul.<\/p>\n<p>\u00cen noiembrie 1971 a venit un grup ciudat \u00een Centrul Spiritual \u201e\u00cen\u0103l\u021bimea\u201d, unde am tr\u0103it atunci. Au c\u00e2ntat cu bra\u021bele ridicate \u0219i mie mi s-a p\u0103rut c\u0103 au vorbit cu Dumnezeu parc\u0103 ar fi v\u0103zut pe cel Nev\u0103zut. \u00centr-adev\u0103r mi-au atras aten\u021bia, dar aceste semne exterioare erau ciudate pentru credincio\u0219ia mea rigid\u0103, formal\u0103, pe care am considerat-o mai profund\u0103 dec\u00e2t a lor. \u00cen ciuda acestui fapt, ceva a atras imagina\u021bia mea: bucuria lor imens\u0103. Mi s-a p\u0103rut c\u0103 sunt nebuni, dar satisf\u0103cu\u021bi, eu nu eram nebun dar nici nu eram mul\u021bumit. A\u0219a de simplu au putut s\u0103 explice Cuv\u00e2ntul lui Dumnezeu c\u0103 mi-au atins inima. \u00cen acele vremuri am \u00eenv\u0103\u021bat Biblia ca \u0219i profesor \u0219i am \u00eencercat s\u0103 captivez aten\u021bia elevilor mei. Acei oameni simpli f\u0103r\u0103 nicio preg\u0103tire profesional\u0103 au reu\u0219it s\u0103 ajung\u0103 la inimile ascult\u0103torilor, inclusiv au cucerit \u0219i inima mea.<\/p>\n<p>\u00cen acea sear\u0103 am stat \u00een primul r\u00e2nd, predicatorul s-a uitat la mine \u0219i a spus: \u201eNu trebuie s\u0103 fii bun ca Dumnezeu s\u0103 te iubeasc\u0103, El te iube\u0219te fiindc\u0103 este El bun. Te iube\u0219te cu o dragoste necondi\u021bionat\u0103\u201d. Aceast\u0103 propozi\u021bie a rupt \u00een mine ultima barier\u0103 \u0219i c\u00e2nd a \u00eentrebat cine dore\u0219te s\u0103 primeasc\u0103 botezul \u00een Spiritul Sf\u00e2nt, f\u0103r\u0103 curaj dar m-am prezentat. Au venit la mine doi americani, care s-au rugat \u00een limba englez\u0103, iar eu am \u00eenceput s\u0103 pl\u00e2ng \u00een prezen\u021ba zguduitoare a Domnului \u0219i am repetat o singur\u0103 propozi\u021bie: Eu nu sunt capabil, dar Tu e\u0219ti (capabil)! Am vrut s\u0103 spun lui Dumnezeu c\u0103 eu nu am reu\u0219it s\u0103 ajung la El prin toate eforturile, cuno\u0219tin\u021bele \u0219i jertfele mele, dar El este capabil s\u0103 ajung\u0103 la mine.<\/p>\n<p>\u00cen acel moment am fost umplut de Spiritul Sf\u00e2nt care a transformat via\u021ba mea. S-a \u00eent\u00e2mplat prima mea convertire, Dumnezeu m-a transformat din fariseu \u00een fiul Lui.\u00a0 \u00a0Pentru un om care \u021bine legea, e drept, este mai greu s\u0103 devin\u0103 fiu, dec\u00e2t pentru un p\u0103c\u0103tos s\u0103 devin\u0103 drept. Dac\u0103 Dumnezeu a putut s\u0103 fac\u0103 aceast\u0103 lucrare \u00een mine, poate s\u0103 o fac\u0103 \u00een oricine.<\/p>\n<p>Dumnezeu aici mi-a dezv\u0103luit chemarea \u0219i trimiterea mea. M-a chemat pentru evanghelizare, pe un laic din Biseric\u0103, a\u0219a c\u0103 \u00een c\u00e2teva luni am \u00eenceput s\u0103 evanghelizez. Spiritul Sf\u00e2nt m-a f\u0103cut martorul Lui \u0219i am mers la diferite grupuri din ora\u0219ul Mexic ca s\u0103 \u00eenv\u0103\u021b despre Biblie, fiindc\u0103 am avut deja preg\u0103tire biblic\u0103.<\/p>\n<p>Fiindc\u0103 munca \u00een evanghelizare a fost din ce \u00een ce mai mult\u0103, m-am hot\u0103r\u00e2t s\u0103-mi dau demisia la Institutul Biblic \u0219i s\u0103 folosesc timpul meu numai pentru a \u021bine predici \u00een mai multe ora\u0219e din \u021bar\u0103. A\u0219a am \u00eenceput munca \u0219i \u00een America Latin\u0103 \u0219i \u00een Statele Unite.<\/p>\n<p>Dac\u0103 presupunem c\u0103 un evanghelizator nu evanghelizeaz\u0103 direct, ci formeaz\u0103 evanghelizatori ca s\u0103 ajung\u0103 Vestea bun\u0103 c\u00e2t mai departe \u00een lume, atunci pot s\u0103 zic c\u0103 s-a n\u0103scut \u00een inima mea ideea despre formarea evanghelizatorilor. \u00cen vara anului 1980 am \u00eenceput primul curs \u00eentr-o cas\u0103 b\u0103tr\u00e2n\u0103, \u00een circumstan\u021be modeste unde am avut spa\u021biu pentru 44 de persoane, p\u00e2n\u0103 la urm\u0103 au venit 42 dintre care 2 erau preo\u021bi. Cursul a durat o s\u0103pt\u0103m\u00e2n\u0103 iar mul\u021bumit\u0103 experien\u021belor lui Bill Finke, am \u00eenv\u0103\u021bat s\u0103 evangheliz\u0103m. A\u0219a a fost \u00eenfiin\u021bat\u0103 prima \u0219coal\u0103 de evanghelizare, numit\u0103 \u201e\u0218coala Apostolilor\u201d.<\/p>\n<p>Astfel am primit a doua chemare: nu numai am evanghelizat, dar am \u0219i format evanghelizatori. Am \u00eenv\u0103\u021bat c\u0103 munca trebuie f\u0103cut\u0103 \u00een grup, altfel nu vom reu\u0219i. Nu era munc\u0103 de o persoan\u0103 ci pentru mai mul\u021bi.<\/p>\n<p>\u00cen anul 1990 m-am adaptat la Planul de Evanghelizare 2000, cu cei de la Directoratul din America Latin\u0103. Am \u00eenceput s\u0103 multiplic\u0103m \u0218colile de Evanghelizare \u0219i s\u0103 clarific\u0103m monitorizarea \u0219i hr\u0103nirea lor. Atunci viziunea mea s-a l\u0103rgit. Sarcina mea a devenit s\u0103 formez oameni care mai apoi s\u0103 poat\u0103 ei \u00een\u0219i\u0219i s\u0103 \u00eenfiin\u021beze \u0219coli.<\/p>\n<p>\u00cen 1994 s\u0103m\u00e2n\u021ba de mu\u0219tar a r\u0103s\u0103rit \u0219i a crescut din ea copacul \u0218coala de Evanghelizare Sf\u00e2ntul Andrei, ca s\u0103 ajung\u0103 crengile la 58 de \u021b\u0103ri, \u0219i mai mult de 2000 de \u0219coli, care \u00eemp\u0103rt\u0103\u0219esc acea\u0219i viziune, metodologie \u0219i program de formare.<\/p>\n<p>tradus de: Valkai Ildik\u00f3 \u0219i Rugin\u0103 Gabi\u00a0(<a href=\"http:\/\/www.evangelizacion.net\/testimonio_ppp.php\">originalul \u00een spaniol\u0103<\/a>)<\/p>\n<p><a href=\"http:\/\/www.szentandrasiskola.ro\/wp-content\/uploads\/2017\/12\/SzentAndrasAPapanal_Pepe_Gellert.jpg\"><img loading=\"lazy\" decoding=\"async\" class=\"alignright wp-image-84 size-large\" src=\"http:\/\/www.szentandrasiskola.ro\/wp-content\/uploads\/2017\/12\/SzentAndrasAPapanal_Pepe_Gellert-1024x683.jpg\" alt=\"\u0218coala Sf\u00e2ntul Andrei la Papa\" width=\"525\" height=\"350\" srcset=\"https:\/\/www.szentandrasiskola.ro\/wp-content\/uploads\/2017\/12\/SzentAndrasAPapanal_Pepe_Gellert-1024x683.jpg 1024w, https:\/\/www.szentandrasiskola.ro\/wp-content\/uploads\/2017\/12\/SzentAndrasAPapanal_Pepe_Gellert-300x200.jpg 300w, https:\/\/www.szentandrasiskola.ro\/wp-content\/uploads\/2017\/12\/SzentAndrasAPapanal_Pepe_Gellert-768x512.jpg 768w\" sizes=\"auto, (max-width: 525px) 100vw, 525px\" \/><\/a><\/p>\n","protected":false},"excerpt":{"rendered":"<p>Jos\u00e9 H. Prado Flores, cunoscut \u0219i sub numele de Pepe Prado, este fondatorul \u0218colii de Evanghelizare Sf\u00e2ntul Andrei. Este autorul celor 41 de c\u0103r\u021bi \u00een care vorbe\u0219te despre Biblie, evanghelizare \u0219i re\u00eennoirea \u00een Spiritul Sf\u00e2nt. A scris 16 cursuri pentru \u0218coliile Sf\u00e2ntul Andrei din \u00eentreaga lume. A predicat \u00een 56 de \u021b\u0103ri, inclusiv \u0219i \u00een &hellip; <\/p>\n<p class=\"link-more\"><a href=\"https:\/\/www.scoalasfantulandrei.ro\/index.php\/fondatorul-scolii\/\" class=\"more-link\">Continu\u0103 lectura<span class=\"screen-reader-text\"> &#8222;Fondatorul \u0218colii&#8221;<\/span><\/a><\/p>\n","protected":false},"author":1,"featured_media":0,"parent":0,"menu_order":0,"comment_status":"closed","ping_status":"closed","template":"","meta":{"footnotes":""},"class_list":["post-80","page","type-page","status-publish","hentry"],"_links":{"self":[{"href":"https:\/\/www.szentandrasiskola.ro\/index.php\/wp-json\/wp\/v2\/pages\/80","targetHints":{"allow":["GET"]}}],"collection":[{"href":"https:\/\/www.szentandrasiskola.ro\/index.php\/wp-json\/wp\/v2\/pages"}],"about":[{"href":"https:\/\/www.szentandrasiskola.ro\/index.php\/wp-json\/wp\/v2\/types\/page"}],"author":[{"embeddable":true,"href":"https:\/\/www.szentandrasiskola.ro\/index.php\/wp-json\/wp\/v2\/users\/1"}],"replies":[{"embeddable":true,"href":"https:\/\/www.szentandrasiskola.ro\/index.php\/wp-json\/wp\/v2\/comments?post=80"}],"version-history":[{"count":5,"href":"https:\/\/www.szentandrasiskola.ro\/index.php\/wp-json\/wp\/v2\/pages\/80\/revisions"}],"predecessor-version":[{"id":7736,"href":"https:\/\/www.szentandrasiskola.ro\/index.php\/wp-json\/wp\/v2\/pages\/80\/revisions\/7736"}],"wp:attachment":[{"href":"https:\/\/www.szentandrasiskola.ro\/index.php\/wp-json\/wp\/v2\/media?parent=80"}],"curies":[{"name":"wp","href":"https:\/\/api.w.org\/{rel}","templated":true}]}}