{"id":89,"date":"2017-12-26T00:14:55","date_gmt":"2017-12-25T22:14:55","guid":{"rendered":"http:\/\/www.szentandrasiskola.ro\/?page_id=89"},"modified":"2017-12-26T12:18:22","modified_gmt":"2017-12-26T10:18:22","slug":"iskola-kozossegek","status":"publish","type":"page","link":"https:\/\/www.szentandrasiskola.ro\/index.php\/iskola-kozossegek\/","title":{"rendered":"Iskola k\u00f6z\u00f6ss\u00e9gek"},"content":{"rendered":"<p>A Szent Andr\u00e1s Evangeliz\u00e1ci\u00f3s Iskola hossz\u00fat\u00e1v\u00fa v\u00edzi\u00f3ja az, hogy minden orsz\u00e1gban, majd az illet\u0151 orsz\u00e1gban minden egyh\u00e1zmegy\u00e9ben, az egyh\u00e1zmegy\u00e9n bel\u00fcl pedig minden pl\u00e9b\u00e1ni\u00e1n l\u00e9trej\u00f6jj\u00f6n egy Iskola k\u00f6z\u00f6ss\u00e9g.<\/p>\n<p>Rom\u00e1ni\u00e1ban jelenleg 3 v\u00e1rosban m\u0171k\u00f6dik Iskola K\u00f6z\u00f6ss\u00e9g, \u00e9spedig Marosv\u00e1s\u00e1rhelyen, Kolozsv\u00e1ron \u00e9s Nagyv\u00e1radon.<\/p>\n<h4>Marosv\u00e1s\u00e1rhelyi iskola k\u00f6z\u00f6ss\u00e9g<\/h4>\n<h4><a href=\"http:\/\/www.szentandrasiskola.ro\/wp-content\/uploads\/2017\/12\/oficina-tgmures.png\"><img loading=\"lazy\" decoding=\"async\" class=\"alignleft wp-image-424 size-medium\" src=\"http:\/\/www.szentandrasiskola.ro\/wp-content\/uploads\/2017\/12\/oficina-tgmures-216x300.png\" alt=\"\" width=\"216\" height=\"300\" srcset=\"https:\/\/www.szentandrasiskola.ro\/wp-content\/uploads\/2017\/12\/oficina-tgmures-216x300.png 216w, https:\/\/www.szentandrasiskola.ro\/wp-content\/uploads\/2017\/12\/oficina-tgmures.png 458w\" sizes=\"auto, (max-width: 216px) 100vw, 216px\" \/><\/a><\/h4>\n<p>A kurzusok mellett evangeliz\u00e1ci\u00f3s alkalmakat, lelkinapot\u00a0is szervez\u00fcnk, pl\u00e9b\u00e1ni\u00e1k \u00e9s\u00a0k\u00f6z\u00f6ss\u00e9gek megh\u00edv\u00e1s\u00e1ra. Az igazgat\u00f3 \u00e9s egyben a nemzeti igazgat\u00f3 Samaj Arnold, aki 2005-ben jelen volt a rom\u00e1niai iskola megalap\u00edt\u00e1s\u00e1n\u00e1l \u00e9s az\u00f3ta is ezt a tiszts\u00e9get t\u00f6lti be.<\/p>\n<p>El\u00e9rhet\u0151s\u00e9g \u00e9s inform\u00e1ci\u00f3:<\/p>\n<p>Samaj Arnold, 0 7 4 4 8 4 5\u00a02 2 4, s&#97;&#x6d;&#x61;j&#95;&#x61;&#x72;n&#111;&#108;&#x64;&#x40;y&#97;&#x68;&#x6f;o&#46;&#x63;&#x6f;m.<\/p>\n<h4>Kolozsv\u00e1ri iskola k\u00f6z\u00f6ss\u00e9g<\/h4>\n<h4><a href=\"http:\/\/www.szentandrasiskola.ro\/wp-content\/uploads\/2017\/12\/oficina-cluj.png\"><img loading=\"lazy\" decoding=\"async\" class=\"alignright wp-image-425 size-medium\" src=\"http:\/\/www.szentandrasiskola.ro\/wp-content\/uploads\/2017\/12\/oficina-cluj-300x273.png\" alt=\"\" width=\"300\" height=\"273\" srcset=\"https:\/\/www.szentandrasiskola.ro\/wp-content\/uploads\/2017\/12\/oficina-cluj-300x273.png 300w, https:\/\/www.szentandrasiskola.ro\/wp-content\/uploads\/2017\/12\/oficina-cluj-768x698.png 768w, https:\/\/www.szentandrasiskola.ro\/wp-content\/uploads\/2017\/12\/oficina-cluj.png 980w\" sizes=\"auto, (max-width: 300px) 100vw, 300px\" \/><\/a><\/h4>\n<p>Legink\u00e1bb kurzusok szervez\u00e9s\u00e9vel foglalkozunk.<\/p>\n<p>Egy a kolozsv\u00e1ri\u00a0<a href=\"http:\/\/www.familia-sfanta.ro\/spiritualitate-crestina.html\" target=\"_blank\" rel=\"noopener\">Szent Csal\u00e1d alap\u00edtv\u00e1ny Kereszt\u00e9ny Lelkis\u00e9g\u00a0<\/a>r\u00e9szleg\u00e9vel\u00a0 megk\u00f6t\u00f6tt\u00a0kollabor\u00e1ci\u00f3s\u00a0egyezm\u00e9nynek k\u00f6sz\u00f6nhet\u0151en, rom\u00e1n nyelvter\u00fcleten \u00e9s G\u00f6r\u00f6g-Katolikus h\u00edveknek\u00a0is rendszeresen szervez\u00fcnk kurzusokat.<\/p>\n<p>El\u00e9rhet\u0151s\u00e9g \u00e9s inform\u00e1ci\u00f3:<\/p>\n<p>Rugin\u0103 Szabolcs-G\u00e1bor, 0 7 7 1 4 8 3 2 7 4,\u00a0&#x73;&#x7a;&#x65;&#x6e;&#x74;&#x61;&#110;&#100;&#114;&#97;&#115;&#46;&#107;oloz&#x73;&#x76;&#x61;&#x72;&#x40;&#x67;&#x6d;&#x61;&#x69;&#108;&#46;&#99;&#111;&#109;.<\/p>\n<h4>Nagyv\u00e1radi iskola k\u00f6z\u00f6ss\u00e9g<\/h4>\n<p><a href=\"http:\/\/www.szentandrasiskola.ro\/wp-content\/uploads\/2017\/12\/oficina-oradea.png\"><img loading=\"lazy\" decoding=\"async\" class=\"alignleft wp-image-426 size-medium\" src=\"http:\/\/www.szentandrasiskola.ro\/wp-content\/uploads\/2017\/12\/oficina-oradea-139x300.png\" alt=\"\" width=\"139\" height=\"300\" srcset=\"https:\/\/www.szentandrasiskola.ro\/wp-content\/uploads\/2017\/12\/oficina-oradea-139x300.png 139w, https:\/\/www.szentandrasiskola.ro\/wp-content\/uploads\/2017\/12\/oficina-oradea.png 322w\" sizes=\"auto, (max-width: 139px) 100vw, 139px\" \/><\/a><\/p>\n<p>&nbsp;<\/p>\n<p>A nagyv\u00e1radi\u00a0<a href=\"http:\/\/www.szentpal.ro\/elerhetosegek.htm\">Szent P\u00e1l<\/a>\u00a0k\u00f6z\u00f6ss\u00e9gb\u0151l\u00a0alap\u00edtva, evangeliz\u00e1ci\u00f3s tev\u00e9kenys\u00e9gekkel foglalkozunk.<\/p>\n<p>El\u00e9rhet\u0151s\u00e9g \u00e9s inform\u00e1ci\u00f3:<\/p>\n<p>Szil\u00e1gyi L\u00e1szl\u00f3, 0 7 2 3 3 4 5 2 5 6, s&#116;&#x5f;&#x70;a&#117;&#108;&#x5f;&#x72;o&#64;&#121;&#x61;&#x68;o&#111;&#x2e;&#x63;&#x6f;m.<\/p>\n<p>&nbsp;<\/p>\n<p>&nbsp;<\/p>\n<p>Rom\u00e1niai iskola k\u00f6z\u00f6ss\u00e9gek a t\u00e9rk\u00e9pen elhelyezve:<\/p>\n<p><a href=\"http:\/\/www.szentandrasiskola.ro\/wp-content\/uploads\/2017\/12\/oficinas.jpg\"><br \/>\n<\/a><a href=\"http:\/\/www.szentandrasiskola.ro\/wp-content\/uploads\/2017\/12\/oficinas.jpg\"><img loading=\"lazy\" decoding=\"async\" class=\"aligncenter wp-image-423\" src=\"http:\/\/www.szentandrasiskola.ro\/wp-content\/uploads\/2017\/12\/oficinas-1024x728.jpg\" alt=\"\" width=\"740\" height=\"526\" srcset=\"https:\/\/www.szentandrasiskola.ro\/wp-content\/uploads\/2017\/12\/oficinas-1024x728.jpg 1024w, https:\/\/www.szentandrasiskola.ro\/wp-content\/uploads\/2017\/12\/oficinas-300x213.jpg 300w, https:\/\/www.szentandrasiskola.ro\/wp-content\/uploads\/2017\/12\/oficinas-768x546.jpg 768w, https:\/\/www.szentandrasiskola.ro\/wp-content\/uploads\/2017\/12\/oficinas.jpg 1260w\" sizes=\"auto, (max-width: 706px) 89vw, (max-width: 767px) 82vw, 740px\" \/><\/a><\/p>\n","protected":false},"excerpt":{"rendered":"<p>A Szent Andr\u00e1s Evangeliz\u00e1ci\u00f3s Iskola hossz\u00fat\u00e1v\u00fa v\u00edzi\u00f3ja az, hogy minden orsz\u00e1gban, majd az illet\u0151 orsz\u00e1gban minden egyh\u00e1zmegy\u00e9ben, az egyh\u00e1zmegy\u00e9n bel\u00fcl pedig minden pl\u00e9b\u00e1ni\u00e1n l\u00e9trej\u00f6jj\u00f6n egy Iskola k\u00f6z\u00f6ss\u00e9g. Rom\u00e1ni\u00e1ban jelenleg 3 v\u00e1rosban m\u0171k\u00f6dik Iskola K\u00f6z\u00f6ss\u00e9g, \u00e9spedig Marosv\u00e1s\u00e1rhelyen, Kolozsv\u00e1ron \u00e9s Nagyv\u00e1radon. Marosv\u00e1s\u00e1rhelyi iskola k\u00f6z\u00f6ss\u00e9g A kurzusok mellett evangeliz\u00e1ci\u00f3s alkalmakat, lelkinapot\u00a0is szervez\u00fcnk, pl\u00e9b\u00e1ni\u00e1k \u00e9s\u00a0k\u00f6z\u00f6ss\u00e9gek megh\u00edv\u00e1s\u00e1ra. Az igazgat\u00f3 \u00e9s &hellip; <\/p>\n<p class=\"link-more\"><a href=\"https:\/\/www.szentandrasiskola.ro\/index.php\/iskola-kozossegek\/\" class=\"more-link\">Continu\u0103 lectura<span class=\"screen-reader-text\"> &#8222;Iskola k\u00f6z\u00f6ss\u00e9gek&#8221;<\/span><\/a><\/p>\n","protected":false},"author":1,"featured_media":0,"parent":0,"menu_order":0,"comment_status":"closed","ping_status":"closed","template":"","meta":{"footnotes":""},"class_list":["post-89","page","type-page","status-publish","hentry"],"_links":{"self":[{"href":"https:\/\/www.szentandrasiskola.ro\/index.php\/wp-json\/wp\/v2\/pages\/89","targetHints":{"allow":["GET"]}}],"collection":[{"href":"https:\/\/www.szentandrasiskola.ro\/index.php\/wp-json\/wp\/v2\/pages"}],"about":[{"href":"https:\/\/www.szentandrasiskola.ro\/index.php\/wp-json\/wp\/v2\/types\/page"}],"author":[{"embeddable":true,"href":"https:\/\/www.szentandrasiskola.ro\/index.php\/wp-json\/wp\/v2\/users\/1"}],"replies":[{"embeddable":true,"href":"https:\/\/www.szentandrasiskola.ro\/index.php\/wp-json\/wp\/v2\/comments?post=89"}],"version-history":[{"count":4,"href":"https:\/\/www.szentandrasiskola.ro\/index.php\/wp-json\/wp\/v2\/pages\/89\/revisions"}],"predecessor-version":[{"id":429,"href":"https:\/\/www.szentandrasiskola.ro\/index.php\/wp-json\/wp\/v2\/pages\/89\/revisions\/429"}],"wp:attachment":[{"href":"https:\/\/www.szentandrasiskola.ro\/index.php\/wp-json\/wp\/v2\/media?parent=89"}],"curies":[{"name":"wp","href":"https:\/\/api.w.org\/{rel}","templated":true}]}}