{"id":91,"date":"2017-12-26T00:14:55","date_gmt":"2017-12-25T22:14:55","guid":{"rendered":"http:\/\/www.szentandrasiskola.ro\/?page_id=91"},"modified":"2022-04-23T12:40:12","modified_gmt":"2022-04-23T10:40:12","slug":"comunitati-de-scoala","status":"publish","type":"page","link":"https:\/\/www.scoalasfantulandrei.ro\/index.php\/comunitati-de-scoala\/","title":{"rendered":"Comunit\u0103\u021bi de \u0219coal\u0103"},"content":{"rendered":"<p>Viziunea \u00a0\u0218colii de Evanghelizare Sf\u00e2ntul Andrei este, ca \u00een fiecare \u021bar\u0103, s\u0103 fie \u00eenfiin\u021bat\u0103 o \u0218coal\u0103 Na\u021bional\u0103. Dup\u0103 ce \u00een \u021bar\u0103 s-a \u00eenfiin\u021bat \u0218coala Na\u021bional\u0103, s\u0103 fie \u00een fiecare diecez\u0103 \u00eenfiin\u021bat\u0103 o comunitate de \u0218coal\u0103, iar dac\u0103 \u00een diecez\u0103 s-a \u00eenfiin\u021bat una,\u00a0 atunci la fiecare Parohie s\u0103 avem o comunitate de \u0218coal\u0103.<\/p>\n<p>\u00cen Rom\u00e2nia \u00een momentul de fa\u021b\u0103 sunt 3 ora\u0219e \u00een care func\u021bioneaz\u0103 o comunitate de \u0218coal\u0103, \u0219i anume la T\u00e2rgu Mure\u0219, la Cluj \u0219i la Oradea.<\/p>\n<h4><u>Comunitatea de \u0218coal\u0103 din T\u00e2rgu Mure\u0219<\/u><\/h4>\n<h4><a href=\"http:\/\/www.szentandrasiskola.ro\/wp-content\/uploads\/2017\/12\/oficina-tgmures.png\"><img loading=\"lazy\" decoding=\"async\" class=\"alignleft wp-image-424 size-medium\" src=\"http:\/\/www.szentandrasiskola.ro\/wp-content\/uploads\/2017\/12\/oficina-tgmures-216x300.png\" alt=\"\" width=\"216\" height=\"300\" srcset=\"https:\/\/www.szentandrasiskola.ro\/wp-content\/uploads\/2017\/12\/oficina-tgmures-216x300.png 216w, https:\/\/www.szentandrasiskola.ro\/wp-content\/uploads\/2017\/12\/oficina-tgmures.png 458w\" sizes=\"auto, (max-width: 216px) 100vw, 216px\" \/><\/a><\/h4>\n<p>Pe l\u00e2ng\u0103 cursuri, organiz\u0103m reculegeri \u0219i \u00eent\u00e2lniri de evanghelizare la chemarea parohiilor \u0219i comunit\u0103\u021bilor cre\u0219tine. Directorul comunit\u0103\u021bii \u0219colii, \u00een acela\u0219 timp \u0219i directorul na\u021bional este Samaj Arnold, care \u00een 2005 a fost prezent la \u00eentemeierea \u0218colii na\u021bionale din Rom\u00e2nia.<\/p>\n<p>Date de contact \u0219i informa\u021bii:<\/p>\n<p>Samaj Arnold, 0 7 4 4 8 4 5\u00a02 2 4, samaj_arnold&#64;&#121;&#97;&#104;&#111;&#111;&#46;&#99;&#111;&#109;.<\/p>\n<h4><u>Comunitatea de \u0218coal\u0103 din Cluj<\/u><\/h4>\n<h4><a href=\"http:\/\/www.szentandrasiskola.ro\/wp-content\/uploads\/2017\/12\/oficina-cluj.png\"><img loading=\"lazy\" decoding=\"async\" class=\"alignright wp-image-425 size-medium\" src=\"http:\/\/www.szentandrasiskola.ro\/wp-content\/uploads\/2017\/12\/oficina-cluj-300x273.png\" alt=\"\" width=\"300\" height=\"273\" srcset=\"https:\/\/www.szentandrasiskola.ro\/wp-content\/uploads\/2017\/12\/oficina-cluj-300x273.png 300w, https:\/\/www.szentandrasiskola.ro\/wp-content\/uploads\/2017\/12\/oficina-cluj-768x698.png 768w, https:\/\/www.szentandrasiskola.ro\/wp-content\/uploads\/2017\/12\/oficina-cluj.png 980w\" sizes=\"auto, (max-width: 300px) 100vw, 300px\" \/><\/a><\/h4>\n<p>Principala activitate a noastr\u0103 p\u00e2n\u0103 \u00een prezent\u00a0a fost organizarea cursurilor.<br \/>\nMul\u021bumit\u0103\u00a0unei colabor\u0103ri\u00a0cu departamentul religios al funda\u021biei\u00a0<a href=\"http:\/\/www.familia-sfanta.ro\/spiritualitate-crestina.html\">Familia Sf\u00e2nt\u0103<\/a>\u00a0din Cluj, organiz\u0103m regulat cursuri \u00een limba Rom\u00e2n\u0103, deseori \u0219i pentru enoria\u0219i Greco-Catolici.<\/p>\n<p>Date de contact \u0219i informa\u021bii:<\/p>\n<p>Rugin\u0103 Szabolcs-Gavril,0 7 7 1 4 8 3 2 7 4, &#x73;&#x66;&#97;n&#x74;&#x75;&#108;an&#x64;&#x72;&#101;i&#x2e;&#x63;&#108;&#117;j&#x40;&#x67;&#109;a&#x69;&#x6c;&#46;&#99;o&#x6d;.<\/p>\n<h4><u>Comunitatea de \u0218coal\u0103 din Oradea<\/u><\/h4>\n<p><a href=\"http:\/\/www.szentandrasiskola.ro\/wp-content\/uploads\/2017\/12\/oficina-oradea.png\"><img loading=\"lazy\" decoding=\"async\" class=\"alignleft wp-image-426 size-medium\" src=\"http:\/\/www.szentandrasiskola.ro\/wp-content\/uploads\/2017\/12\/oficina-oradea-139x300.png\" alt=\"\" width=\"139\" height=\"300\" srcset=\"https:\/\/www.szentandrasiskola.ro\/wp-content\/uploads\/2017\/12\/oficina-oradea-139x300.png 139w, https:\/\/www.szentandrasiskola.ro\/wp-content\/uploads\/2017\/12\/oficina-oradea.png 322w\" sizes=\"auto, (max-width: 139px) 100vw, 139px\" \/><\/a><br \/>\nComunitatea de \u0218coal\u0103\u00a0 a fost \u00eenfiin\u021bat\u0103 din membrii comunit\u0103\u021bii Sf\u00e2ntul Paul \u0219i se ocup\u0103 de activit\u0103\u021bi de evanghelizare.<\/p>\n<p>Date de contact \u0219i informa\u021bii:<\/p>\n<p>Szil\u00e1gyi L\u00e1szl\u00f3, 0 7 2 3 3 4 5 2 5 6, &#x73;t&#x5f;&#112;&#x61;&#117;l&#x5f;&#114;&#x6f;&#64;y&#x61;&#104;&#x6f;&#111;&#46;&#x63;o&#x6d;.<\/p>\n<p>Comunit\u0103\u021bile de \u0219coal\u0103 pe harta Rom\u00e2niei:<\/p>\n<p><a href=\"http:\/\/www.szentandrasiskola.ro\/wp-content\/uploads\/2017\/12\/oficinas.jpg\"><br \/>\n<\/a><a href=\"http:\/\/www.szentandrasiskola.ro\/wp-content\/uploads\/2017\/12\/oficinas.jpg\"><img loading=\"lazy\" decoding=\"async\" class=\"aligncenter wp-image-423\" src=\"http:\/\/www.szentandrasiskola.ro\/wp-content\/uploads\/2017\/12\/oficinas-1024x728.jpg\" alt=\"\" width=\"740\" height=\"526\" srcset=\"https:\/\/www.szentandrasiskola.ro\/wp-content\/uploads\/2017\/12\/oficinas-1024x728.jpg 1024w, https:\/\/www.szentandrasiskola.ro\/wp-content\/uploads\/2017\/12\/oficinas-300x213.jpg 300w, https:\/\/www.szentandrasiskola.ro\/wp-content\/uploads\/2017\/12\/oficinas-768x546.jpg 768w, https:\/\/www.szentandrasiskola.ro\/wp-content\/uploads\/2017\/12\/oficinas.jpg 1260w\" sizes=\"auto, (max-width: 706px) 89vw, (max-width: 767px) 82vw, 740px\" \/><\/a><\/p>\n","protected":false},"excerpt":{"rendered":"<p>Viziunea \u00a0\u0218colii de Evanghelizare Sf\u00e2ntul Andrei este, ca \u00een fiecare \u021bar\u0103, s\u0103 fie \u00eenfiin\u021bat\u0103 o \u0218coal\u0103 Na\u021bional\u0103. Dup\u0103 ce \u00een \u021bar\u0103 s-a \u00eenfiin\u021bat \u0218coala Na\u021bional\u0103, s\u0103 fie \u00een fiecare diecez\u0103 \u00eenfiin\u021bat\u0103 o comunitate de \u0218coal\u0103, iar dac\u0103 \u00een diecez\u0103 s-a \u00eenfiin\u021bat una,\u00a0 atunci la fiecare Parohie s\u0103 avem o comunitate de \u0218coal\u0103. \u00cen Rom\u00e2nia \u00een &hellip; <\/p>\n<p class=\"link-more\"><a href=\"https:\/\/www.scoalasfantulandrei.ro\/index.php\/comunitati-de-scoala\/\" class=\"more-link\">Continu\u0103 lectura<span class=\"screen-reader-text\"> &#8222;Comunit\u0103\u021bi de \u0219coal\u0103&#8221;<\/span><\/a><\/p>\n","protected":false},"author":1,"featured_media":0,"parent":0,"menu_order":0,"comment_status":"closed","ping_status":"closed","template":"","meta":{"footnotes":""},"class_list":["post-91","page","type-page","status-publish","hentry"],"_links":{"self":[{"href":"https:\/\/www.szentandrasiskola.ro\/index.php\/wp-json\/wp\/v2\/pages\/91","targetHints":{"allow":["GET"]}}],"collection":[{"href":"https:\/\/www.szentandrasiskola.ro\/index.php\/wp-json\/wp\/v2\/pages"}],"about":[{"href":"https:\/\/www.szentandrasiskola.ro\/index.php\/wp-json\/wp\/v2\/types\/page"}],"author":[{"embeddable":true,"href":"https:\/\/www.szentandrasiskola.ro\/index.php\/wp-json\/wp\/v2\/users\/1"}],"replies":[{"embeddable":true,"href":"https:\/\/www.szentandrasiskola.ro\/index.php\/wp-json\/wp\/v2\/comments?post=91"}],"version-history":[{"count":3,"href":"https:\/\/www.szentandrasiskola.ro\/index.php\/wp-json\/wp\/v2\/pages\/91\/revisions"}],"predecessor-version":[{"id":7732,"href":"https:\/\/www.szentandrasiskola.ro\/index.php\/wp-json\/wp\/v2\/pages\/91\/revisions\/7732"}],"wp:attachment":[{"href":"https:\/\/www.szentandrasiskola.ro\/index.php\/wp-json\/wp\/v2\/media?parent=91"}],"curies":[{"name":"wp","href":"https:\/\/api.w.org\/{rel}","templated":true}]}}